{"id":1590,"date":"2024-09-16T14:50:18","date_gmt":"2024-09-16T12:50:18","guid":{"rendered":"https:\/\/podart.fr\/lebocal\/?page_id=1590"},"modified":"2024-12-06T15:28:16","modified_gmt":"2024-12-06T14:28:16","slug":"acceuil-le-bocal","status":"publish","type":"page","link":"https:\/\/podart.fr\/lebocal\/","title":{"rendered":"Acceuil le bOcal"},"content":{"rendered":"\n\n\t<section class=\"section\" id=\"section_621973449\">\n\t\t<div class=\"section-bg fill\" >\n\t\t\t\t\t\t\t\t\t\n\t\t\t\n\n\t\t<\/div>\n\n\t\t\n\n\t\t<div class=\"section-content relative\">\n\t\t\t\n\n<div class=\"row align-center\"  id=\"row-899511028\">\n\n\n\t<div id=\"col-997205015\" class=\"col small-12 large-12\"  >\n\t\t\t\t<div class=\"col-inner\" style=\"background-color:rgb(0, 109, 115);\" >\n\t\t\t\n\t\t\t\n\n\t<div id=\"text-3556526860\" class=\"text\">\n\t\t\n\n<h1 style=\"text-align: center;\">Les sites web des entreprises du bOcal<\/h1>\n\t\t\n<style>\n#text-3556526860 {\n  color: rgb(255, 255, 255);\n}\n#text-3556526860 > * {\n  color: rgb(255, 255, 255);\n}\n<\/style>\n\t<\/div>\n\t\n\n\t\t<\/div>\n\t\t\t\t\t<\/div>\n\n\t\n\n<\/div>\n<div class=\"row row-collapse align-middle align-center\"  id=\"row-432617286\">\n\n\n\t<div id=\"col-1987162942\" class=\"col medium-6 small-12 large-6\"  >\n\t\t\t\t<div class=\"col-inner\"  >\n\t\t\t\n\t\t\t\n\n\n  <div class=\"banner has-hover\" id=\"banner-43454303\">\n          <div class=\"banner-inner fill\">\n        <div class=\"banner-bg fill\" >\n            <img loading=\"lazy\" decoding=\"async\" width=\"1548\" height=\"1032\" src=\"https:\/\/podart.fr\/lebocal\/wp-content\/uploads\/tour_marion_besnard_poterie_podart_saladier.webp\" class=\"bg attachment-original size-original\" alt=\"Tournage d&#039;un saladier, Marion Besnard le Bocal carnac, bretagne en gr\u00e8s\" \/>                        <div class=\"overlay\"><\/div>            \n                    <\/div>\n\t\t\n        <div class=\"banner-layers container\">\n            <a class=\"fill\" href=\"https:\/\/podart.fr\/\" target=\"_blank\" rel=\"noopener\" ><div class=\"fill banner-link\"><\/div><\/a>            \n\n\t<div class=\"img has-hover x10 md-x10 lg-x10 y5 md-y5 lg-y5\" id=\"image_1655290724\">\n\t\t<a class=\"\" href=\"https:\/\/podart.fr\/\" target=\"_blank\" rel=\"noopener\" >\t\t\t\t\t\t<div class=\"img-inner image-zoom dark\" >\n\t\t\t<img loading=\"lazy\" decoding=\"async\" width=\"700\" height=\"700\" src=\"https:\/\/podart.fr\/lebocal\/wp-content\/uploads\/LOGO-BLANC-LIGNE.png\" class=\"attachment-large size-large\" alt=\"\" srcset=\"https:\/\/podart.fr\/lebocal\/wp-content\/uploads\/LOGO-BLANC-LIGNE.png 700w, https:\/\/podart.fr\/lebocal\/wp-content\/uploads\/LOGO-BLANC-LIGNE-300x300.png 300w, https:\/\/podart.fr\/lebocal\/wp-content\/uploads\/LOGO-BLANC-LIGNE-150x150.png 150w\" sizes=\"auto, (max-width: 700px) 100vw, 700px\" \/>\t\t\t\t\t\t\n\t\t\t\t\t<\/div>\n\t\t\t\t\t\t<\/a>\t\t\n<style>\n#image_1655290724 {\n  width: 76%;\n}\n<\/style>\n\t<\/div>\n\t\n\n\n        <\/div>\n      <\/div>\n\n            \n<style>\n#banner-43454303 {\n  padding-top: 300px;\n  background-color: rgba(255, 255, 255, 0);\n}\n#banner-43454303 .overlay {\n  background-color: rgba(0, 0, 0, 0);\n}\n@media (min-width:550px) {\n  #banner-43454303 {\n    padding-top: 500px;\n  }\n}\n<\/style>\n  <\/div>\n\n\n\t<div id=\"gap-844359310\" class=\"gap-element clearfix\" style=\"display:block; height:auto;\">\n\t\t\n<style>\n#gap-844359310 {\n  padding-top: 20px;\n}\n<\/style>\n\t<\/div>\n\t\n\n<a href=\"http:\/\/www.podart.fr\" target=\"_blank\" class=\"button secondary is-shade box-shadow-2 box-shadow-2-hover lowercase expand\" rel=\"noopener\"  style=\"border-radius:10px;\">\n\t\t<span>Poterie Pod'art<\/span>\n\t<i class=\"icon-angle-right\" aria-hidden=\"true\" ><\/i><\/a>\n\n\n\t<div id=\"gap-1278170477\" class=\"gap-element clearfix show-for-small\" style=\"display:block; height:auto;\">\n\t\t\n<style>\n#gap-1278170477 {\n  padding-top: 10px;\n}\n@media (min-width:550px) {\n  #gap-1278170477 {\n    padding-top: 30px;\n  }\n}\n<\/style>\n\t<\/div>\n\t\n\n\n\t\t<\/div>\n\t\t\t\t\n<style>\n#col-1987162942 > .col-inner {\n  padding: 0px 2px 0px 2px;\n}\n<\/style>\n\t<\/div>\n\n\t\n\n\t<div id=\"col-677420090\" class=\"col medium-6 small-12 large-6\"  >\n\t\t\t\t<div class=\"col-inner\"  >\n\t\t\t\n\t\t\t\n\n\n  <div class=\"banner has-hover\" id=\"banner-1613873851\">\n          <div class=\"banner-inner fill\">\n        <div class=\"banner-bg fill\" >\n            <img loading=\"lazy\" decoding=\"async\" width=\"1548\" height=\"1032\" src=\"https:\/\/podart.fr\/lebocal\/wp-content\/uploads\/valerie_hay_tapissiere_ameublement_marteau.webp\" class=\"bg attachment-original size-original\" alt=\"Val\u00e9rie Hay tapissi\u00e8re ameublement en train de retapisser un fauteuil, zoom marteau, carr\u00e9 sur trois\" \/>                                    \n                    <\/div>\n\t\t\n        <div class=\"banner-layers container\">\n            <a class=\"fill\" href=\"https:\/\/www.carressurtrois.com\/\" target=\"_blank\" rel=\"noopener\" ><div class=\"fill banner-link\"><\/div><\/a>            \n\n\t<div class=\"img has-hover x50 md-x50 lg-x50 y20 md-y20 lg-y20\" id=\"image_1700069122\">\n\t\t<a class=\"\" href=\"https:\/\/www.carressurtrois.com\/\" target=\"_blank\" rel=\"noopener\" >\t\t\t\t\t\t<div class=\"img-inner image-zoom dark\" >\n\t\t\t<img loading=\"lazy\" decoding=\"async\" width=\"2765\" height=\"1701\" src=\"https:\/\/podart.fr\/lebocal\/wp-content\/uploads\/carresurtrois-tout-blanc-1.png\" class=\"attachment-original size-original\" alt=\"\" srcset=\"https:\/\/podart.fr\/lebocal\/wp-content\/uploads\/carresurtrois-tout-blanc-1.png 2765w, https:\/\/podart.fr\/lebocal\/wp-content\/uploads\/carresurtrois-tout-blanc-1-300x185.png 300w, https:\/\/podart.fr\/lebocal\/wp-content\/uploads\/carresurtrois-tout-blanc-1-1024x630.png 1024w, https:\/\/podart.fr\/lebocal\/wp-content\/uploads\/carresurtrois-tout-blanc-1-768x472.png 768w, https:\/\/podart.fr\/lebocal\/wp-content\/uploads\/carresurtrois-tout-blanc-1-1536x945.png 1536w, https:\/\/podart.fr\/lebocal\/wp-content\/uploads\/carresurtrois-tout-blanc-1-2048x1260.png 2048w\" sizes=\"auto, (max-width: 2765px) 100vw, 2765px\" \/>\t\t\t\t\t\t\n\t\t\t\t\t<\/div>\n\t\t\t\t\t\t<\/a>\t\t\n<style>\n#image_1700069122 {\n  width: 94%;\n}\n<\/style>\n\t<\/div>\n\t\n\n\n        <\/div>\n      <\/div>\n\n            \n<style>\n#banner-1613873851 {\n  padding-top: 300px;\n  background-color: rgba(0, 0, 0, 0);\n}\n@media (min-width:550px) {\n  #banner-1613873851 {\n    padding-top: 500px;\n  }\n}\n<\/style>\n  <\/div>\n\n\n\t<div id=\"gap-1713981895\" class=\"gap-element clearfix\" style=\"display:block; height:auto;\">\n\t\t\n<style>\n#gap-1713981895 {\n  padding-top: 20px;\n}\n<\/style>\n\t<\/div>\n\t\n\n<a href=\"https:\/\/www.carressurtrois.com\/\" target=\"_blank\" class=\"button secondary is-shade box-shadow-2 box-shadow-2-hover lowercase expand\" rel=\"noopener\"  style=\"border-radius:10px;\">\n\t\t<span>Carr\u00e9s sur trois<\/span>\n\t<i class=\"icon-angle-right\" aria-hidden=\"true\" ><\/i><\/a>\n\n\n\n\t\t<\/div>\n\t\t\t\t\n<style>\n#col-677420090 > .col-inner {\n  padding: 0px 2px 0px 2px;\n}\n<\/style>\n\t<\/div>\n\n\t\n\n<\/div>\n\n\t\t<\/div>\n\n\t\t\n<style>\n#section_621973449 {\n  padding-top: 30px;\n  padding-bottom: 30px;\n  background-color: rgb(0, 109, 115);\n}\n<\/style>\n\t<\/section>\n\t\n\n","protected":false},"excerpt":{"rendered":"","protected":false},"author":1,"featured_media":0,"parent":0,"menu_order":0,"comment_status":"closed","ping_status":"closed","template":"page-blank.php","meta":{"footnotes":""},"class_list":["post-1590","page","type-page","status-publish","hentry"],"_links":{"self":[{"href":"https:\/\/podart.fr\/lebocal\/wp-json\/wp\/v2\/pages\/1590","targetHints":{"allow":["GET"]}}],"collection":[{"href":"https:\/\/podart.fr\/lebocal\/wp-json\/wp\/v2\/pages"}],"about":[{"href":"https:\/\/podart.fr\/lebocal\/wp-json\/wp\/v2\/types\/page"}],"author":[{"embeddable":true,"href":"https:\/\/podart.fr\/lebocal\/wp-json\/wp\/v2\/users\/1"}],"replies":[{"embeddable":true,"href":"https:\/\/podart.fr\/lebocal\/wp-json\/wp\/v2\/comments?post=1590"}],"version-history":[{"count":23,"href":"https:\/\/podart.fr\/lebocal\/wp-json\/wp\/v2\/pages\/1590\/revisions"}],"predecessor-version":[{"id":1640,"href":"https:\/\/podart.fr\/lebocal\/wp-json\/wp\/v2\/pages\/1590\/revisions\/1640"}],"wp:attachment":[{"href":"https:\/\/podart.fr\/lebocal\/wp-json\/wp\/v2\/media?parent=1590"}],"curies":[{"name":"wp","href":"https:\/\/api.w.org\/{rel}","templated":true}]}}